{"id":5152,"date":"2020-12-25T14:56:53","date_gmt":"2020-12-25T14:56:53","guid":{"rendered":"https:\/\/sulbusoto.com\/hakkimizda\/"},"modified":"2026-01-16T12:11:15","modified_gmt":"2026-01-16T12:11:15","slug":"about-us","status":"publish","type":"page","link":"https:\/\/sulbusoto.com\/en\/about-us\/","title":{"rendered":"About Us"},"content":{"rendered":"\t\t<div data-elementor-type=\"wp-page\" data-elementor-id=\"5152\" class=\"elementor elementor-5152 elementor-4026\" data-elementor-post-type=\"page\">\n\t\t\t\t<div class=\"elementor-element elementor-element-57a033b e-flex e-con-boxed e-con e-parent\" data-id=\"57a033b\" data-element_type=\"container\" data-e-type=\"container\">\r\n\t\t\t\t\t<div class=\"e-con-inner\">\r\n\t\t<div class=\"elementor-element elementor-element-2ef6222 e-con-full e-flex e-con e-child\" data-id=\"2ef6222\" data-element_type=\"container\" data-e-type=\"container\">\r\n\t\t\t\t<div class=\"elementor-element elementor-element-0e368ae elementor-invisible elementor-widget elementor-widget-heading\" data-id=\"0e368ae\" data-element_type=\"widget\" data-e-type=\"widget\" data-settings=\"{&quot;_animation&quot;:&quot;fadeInUp&quot;,&quot;_animation_delay&quot;:100}\" data-widget_type=\"heading.default\">\n\t\t\t\t<div class=\"elementor-widget-container\">\n\t\t\t\t\t<h2 class=\"elementor-heading-title elementor-size-default\"><h3 class=\"h-minimal\" style=\"margin-right: 0px;margin-left: 0px;font-family: roboto;font-weight: 300;font-size: 22px;line-height: 43px;letter-spacing: 2px;font-style: normal;text-align: center\">To be the preferred choice of our customers by producing high-quality, durable plastic products through our innovative production approach and expert team..<\/h3><\/h2>\t\t\t\t<\/div>\n\t\t\t\t<\/div>\n\t\t\t\t<div class=\"elementor-element elementor-element-c17e4fc customLineProgressAnim elementor-widget-divider--view-line elementor-invisible elementor-widget elementor-widget-divider\" data-id=\"c17e4fc\" data-element_type=\"widget\" data-e-type=\"widget\" data-settings=\"{&quot;_animation&quot;:&quot;fadeIn&quot;,&quot;_animation_delay&quot;:300}\" data-widget_type=\"divider.default\">\n\t\t\t\t<div class=\"elementor-widget-container\">\n\t\t\t\t\t\t\t<div class=\"elementor-divider\">\n\t\t\t<span class=\"elementor-divider-separator\">\n\t\t\t\t\t\t<\/span>\n\t\t<\/div>\n\t\t\t\t\t\t<\/div>\n\t\t\t\t<\/div>\n\t\t\t\t<div class=\"elementor-element elementor-element-3c7405f elementor-invisible elementor-widget elementor-widget-heading\" data-id=\"3c7405f\" data-element_type=\"widget\" data-e-type=\"widget\" data-settings=\"{&quot;_animation&quot;:&quot;fadeInUp&quot;,&quot;_animation_delay&quot;:700}\" data-widget_type=\"heading.default\">\n\t\t\t\t<div class=\"elementor-widget-container\">\n\t\t\t\t\t<p class=\"elementor-heading-title elementor-size-default\">S\u00fclb\u00fcs Oto Kal\u0131p Plastik San. Tic. Ltd. \u015eti., which started production in 1986, operates in the field of plastic molds and automotive accessories. Our production is carried out with high precision using modern CNC technology. The products manufactured by our expert staff, especially wheel covers, are delivered throughout Turkey and to many regions of the world in line with the principles of quality, trust, and on-time delivery.\n\nIn addition, our company is able to manufacture molds in the requested dimensions and technical specifications according to customer demands, and also accepts orders for external mold manufacturing. In this field, with our experienced and expert staff, and by having all the necessary technological infrastructure and equipment required for mold production, we provide high-quality and sustainable solutions.<\/p>\t\t\t\t<\/div>\n\t\t\t\t<\/div>\n\t\t\t\t<\/div>\n\t\t<div class=\"elementor-element elementor-element-168ae04 e-con-full e-flex e-con e-child\" data-id=\"168ae04\" data-element_type=\"container\" data-e-type=\"container\">\r\n\t\t\t\t<div class=\"elementor-element elementor-element-a7dc8a5 elementor-widget elementor-widget-image\" data-id=\"a7dc8a5\" data-element_type=\"widget\" data-e-type=\"widget\" data-widget_type=\"image.default\">\n\t\t\t\t<div class=\"elementor-widget-container\">\n\t\t\t\t\t\t\t\t\t\t\t\t\t\t\t<img decoding=\"async\" width=\"250\" height=\"80\" src=\"https:\/\/sulbusoto.com\/wp-content\/uploads\/2026\/01\/logo.png\" class=\"attachment-full size-full wp-image-5571\" alt=\"\" \/>\t\t\t\t\t\t\t\t\t\t\t\t\t\t\t<\/div>\n\t\t\t\t<\/div>\n\t\t\t\t<\/div>\n\t\t\t\t\t<\/div>\n\t\t\t\t<\/div>\n\t\t<div class=\"elementor-element elementor-element-4b4124c e-flex e-con-boxed e-con e-parent\" data-id=\"4b4124c\" data-element_type=\"container\" data-e-type=\"container\">\r\n\t\t\t\t\t<div class=\"e-con-inner\">\r\n\t\t\t\t<div class=\"elementor-element elementor-element-6449110 gallery-spacing-custom elementor-widget elementor-widget-image-gallery\" data-id=\"6449110\" data-element_type=\"widget\" data-e-type=\"widget\" data-widget_type=\"image-gallery.default\">\n\t\t\t\t<div class=\"elementor-widget-container\">\n\t\t\t\t\t\t\t<div class=\"elementor-image-gallery\">\n\t\t\t<div id='gallery-1' class='gallery galleryid-5152 gallery-columns-3 gallery-size-full'><figure class='gallery-item'>\n\t\t\t<div class='gallery-icon landscape'>\n\t\t\t\t<a data-elementor-open-lightbox=\"yes\" data-elementor-lightbox-slideshow=\"6449110\" data-elementor-lightbox-title=\"makina-2\" data-e-action-hash=\"#elementor-action%3Aaction%3Dlightbox%26settings%3DeyJpZCI6NDI3OCwidXJsIjoiaHR0cHM6XC9cL3N1bGJ1c290by5jb21cL3dwLWNvbnRlbnRcL3VwbG9hZHNcLzIwMjZcLzAxXC9tYWtpbmEtMi5qcGciLCJzbGlkZXNob3ciOiI2NDQ5MTEwIn0%3D\" href='https:\/\/sulbusoto.com\/wp-content\/uploads\/2026\/01\/makina-2.jpg'><img fetchpriority=\"high\" decoding=\"async\" width=\"500\" height=\"500\" src=\"https:\/\/sulbusoto.com\/wp-content\/uploads\/2026\/01\/makina-2.jpg\" class=\"attachment-full size-full\" alt=\"\" srcset=\"https:\/\/sulbusoto.com\/wp-content\/uploads\/2026\/01\/makina-2.jpg 500w, https:\/\/sulbusoto.com\/wp-content\/uploads\/2026\/01\/makina-2-400x400.jpg 400w\" sizes=\"(max-width: 500px) 100vw, 500px\" \/><\/a>\n\t\t\t<\/div><\/figure><figure class='gallery-item'>\n\t\t\t<div class='gallery-icon landscape'>\n\t\t\t\t<a data-elementor-open-lightbox=\"yes\" data-elementor-lightbox-slideshow=\"6449110\" data-elementor-lightbox-title=\"makine-3\" data-e-action-hash=\"#elementor-action%3Aaction%3Dlightbox%26settings%3DeyJpZCI6NDI3NywidXJsIjoiaHR0cHM6XC9cL3N1bGJ1c290by5jb21cL3dwLWNvbnRlbnRcL3VwbG9hZHNcLzIwMjZcLzAxXC9tYWtpbmUtMy5qcGciLCJzbGlkZXNob3ciOiI2NDQ5MTEwIn0%3D\" href='https:\/\/sulbusoto.com\/wp-content\/uploads\/2026\/01\/makine-3.jpg'><img decoding=\"async\" width=\"500\" height=\"500\" src=\"https:\/\/sulbusoto.com\/wp-content\/uploads\/2026\/01\/makine-3.jpg\" class=\"attachment-full size-full\" alt=\"\" srcset=\"https:\/\/sulbusoto.com\/wp-content\/uploads\/2026\/01\/makine-3.jpg 500w, https:\/\/sulbusoto.com\/wp-content\/uploads\/2026\/01\/makine-3-400x400.jpg 400w\" sizes=\"(max-width: 500px) 100vw, 500px\" \/><\/a>\n\t\t\t<\/div><\/figure><figure class='gallery-item'>\n\t\t\t<div class='gallery-icon landscape'>\n\t\t\t\t<a data-elementor-open-lightbox=\"yes\" data-elementor-lightbox-slideshow=\"6449110\" data-elementor-lightbox-title=\"makine-5\" data-e-action-hash=\"#elementor-action%3Aaction%3Dlightbox%26settings%3DeyJpZCI6NDI3NSwidXJsIjoiaHR0cHM6XC9cL3N1bGJ1c290by5jb21cL3dwLWNvbnRlbnRcL3VwbG9hZHNcLzIwMjZcLzAxXC9tYWtpbmUtNS5qcGciLCJzbGlkZXNob3ciOiI2NDQ5MTEwIn0%3D\" href='https:\/\/sulbusoto.com\/wp-content\/uploads\/2026\/01\/makine-5.jpg'><img loading=\"lazy\" decoding=\"async\" width=\"500\" height=\"500\" src=\"https:\/\/sulbusoto.com\/wp-content\/uploads\/2026\/01\/makine-5.jpg\" class=\"attachment-full size-full\" alt=\"\" srcset=\"https:\/\/sulbusoto.com\/wp-content\/uploads\/2026\/01\/makine-5.jpg 500w, https:\/\/sulbusoto.com\/wp-content\/uploads\/2026\/01\/makine-5-400x400.jpg 400w\" sizes=\"(max-width: 500px) 100vw, 500px\" \/><\/a>\n\t\t\t<\/div><\/figure><figure class='gallery-item'>\n\t\t\t<div class='gallery-icon landscape'>\n\t\t\t\t<a data-elementor-open-lightbox=\"yes\" data-elementor-lightbox-slideshow=\"6449110\" data-elementor-lightbox-title=\"go\u0308rsel\" data-e-action-hash=\"#elementor-action%3Aaction%3Dlightbox%26settings%3DeyJpZCI6NDI3MywidXJsIjoiaHR0cHM6XC9cL3N1bGJ1c290by5jb21cL3dwLWNvbnRlbnRcL3VwbG9hZHNcLzIwMjZcLzAxXC9nb3JzZWwuanBnIiwic2xpZGVzaG93IjoiNjQ0OTExMCJ9\" href='https:\/\/sulbusoto.com\/wp-content\/uploads\/2026\/01\/gorsel.jpg'><img loading=\"lazy\" decoding=\"async\" width=\"500\" height=\"500\" src=\"https:\/\/sulbusoto.com\/wp-content\/uploads\/2026\/01\/gorsel.jpg\" class=\"attachment-full size-full\" alt=\"\" srcset=\"https:\/\/sulbusoto.com\/wp-content\/uploads\/2026\/01\/gorsel.jpg 500w, https:\/\/sulbusoto.com\/wp-content\/uploads\/2026\/01\/gorsel-400x400.jpg 400w\" sizes=\"(max-width: 500px) 100vw, 500px\" \/><\/a>\n\t\t\t<\/div><\/figure>\n\t\t<\/div>\n\t\t<\/div>\n\t\t\t\t\t\t<\/div>\n\t\t\t\t<\/div>\n\t\t\t\t<div class=\"elementor-element elementor-element-5a012e2 elementor-widget elementor-widget-heading\" data-id=\"5a012e2\" data-element_type=\"widget\" data-e-type=\"widget\" data-widget_type=\"heading.default\">\n\t\t\t\t<div class=\"elementor-widget-container\">\n\t\t\t\t\t<h2 class=\"elementor-heading-title elementor-size-default\">Molding Shop<\/h2>\t\t\t\t<\/div>\n\t\t\t\t<\/div>\n\t\t<div class=\"elementor-element elementor-element-84b74a9 e-con-full e-flex e-con e-child\" data-id=\"84b74a9\" data-element_type=\"container\" data-e-type=\"container\">\r\n\t\t\t\t<div class=\"elementor-element elementor-element-670d892 gallery-spacing-custom elementor-widget elementor-widget-image-gallery\" data-id=\"670d892\" data-element_type=\"widget\" data-e-type=\"widget\" data-widget_type=\"image-gallery.default\">\n\t\t\t\t<div class=\"elementor-widget-container\">\n\t\t\t\t\t\t\t<div class=\"elementor-image-gallery\">\n\t\t\t<div id='gallery-2' class='gallery galleryid-5152 gallery-columns-3 gallery-size-full'><figure class='gallery-item'>\n\t\t\t<div class='gallery-icon landscape'>\n\t\t\t\t<a data-elementor-open-lightbox=\"yes\" data-elementor-lightbox-slideshow=\"670d892\" data-elementor-lightbox-title=\"3-\" data-e-action-hash=\"#elementor-action%3Aaction%3Dlightbox%26settings%3DeyJpZCI6NTY0OCwidXJsIjoiaHR0cHM6XC9cL3N1bGJ1c290by5jb21cL3dwLWNvbnRlbnRcL3VwbG9hZHNcLzIwMjZcLzAxXC8zLS5qcGciLCJzbGlkZXNob3ciOiI2NzBkODkyIn0%3D\" href='https:\/\/sulbusoto.com\/wp-content\/uploads\/2026\/01\/3-.jpg'><img loading=\"lazy\" decoding=\"async\" width=\"500\" height=\"500\" src=\"https:\/\/sulbusoto.com\/wp-content\/uploads\/2026\/01\/3-.jpg\" class=\"attachment-full size-full\" alt=\"\" srcset=\"https:\/\/sulbusoto.com\/wp-content\/uploads\/2026\/01\/3-.jpg 500w, https:\/\/sulbusoto.com\/wp-content\/uploads\/2026\/01\/3--400x400.jpg 400w\" sizes=\"(max-width: 500px) 100vw, 500px\" \/><\/a>\n\t\t\t<\/div><\/figure><figure class='gallery-item'>\n\t\t\t<div class='gallery-icon landscape'>\n\t\t\t\t<a data-elementor-open-lightbox=\"yes\" data-elementor-lightbox-slideshow=\"670d892\" data-elementor-lightbox-title=\"4-\" data-e-action-hash=\"#elementor-action%3Aaction%3Dlightbox%26settings%3DeyJpZCI6NTY0OSwidXJsIjoiaHR0cHM6XC9cL3N1bGJ1c290by5jb21cL3dwLWNvbnRlbnRcL3VwbG9hZHNcLzIwMjZcLzAxXC80LS5qcGciLCJzbGlkZXNob3ciOiI2NzBkODkyIn0%3D\" href='https:\/\/sulbusoto.com\/wp-content\/uploads\/2026\/01\/4-.jpg'><img loading=\"lazy\" decoding=\"async\" width=\"500\" height=\"500\" src=\"https:\/\/sulbusoto.com\/wp-content\/uploads\/2026\/01\/4-.jpg\" class=\"attachment-full size-full\" alt=\"\" srcset=\"https:\/\/sulbusoto.com\/wp-content\/uploads\/2026\/01\/4-.jpg 500w, https:\/\/sulbusoto.com\/wp-content\/uploads\/2026\/01\/4--400x400.jpg 400w\" sizes=\"(max-width: 500px) 100vw, 500px\" \/><\/a>\n\t\t\t<\/div><\/figure><figure class='gallery-item'>\n\t\t\t<div class='gallery-icon landscape'>\n\t\t\t\t<a data-elementor-open-lightbox=\"yes\" data-elementor-lightbox-slideshow=\"670d892\" data-elementor-lightbox-title=\"5-\" data-e-action-hash=\"#elementor-action%3Aaction%3Dlightbox%26settings%3DeyJpZCI6NTY1MCwidXJsIjoiaHR0cHM6XC9cL3N1bGJ1c290by5jb21cL3dwLWNvbnRlbnRcL3VwbG9hZHNcLzIwMjZcLzAxXC81LS5qcGciLCJzbGlkZXNob3ciOiI2NzBkODkyIn0%3D\" href='https:\/\/sulbusoto.com\/wp-content\/uploads\/2026\/01\/5-.jpg'><img loading=\"lazy\" decoding=\"async\" width=\"500\" height=\"500\" src=\"https:\/\/sulbusoto.com\/wp-content\/uploads\/2026\/01\/5-.jpg\" class=\"attachment-full size-full\" alt=\"\" srcset=\"https:\/\/sulbusoto.com\/wp-content\/uploads\/2026\/01\/5-.jpg 500w, https:\/\/sulbusoto.com\/wp-content\/uploads\/2026\/01\/5--400x400.jpg 400w\" sizes=\"(max-width: 500px) 100vw, 500px\" \/><\/a>\n\t\t\t<\/div><\/figure><figure class='gallery-item'>\n\t\t\t<div class='gallery-icon landscape'>\n\t\t\t\t<a data-elementor-open-lightbox=\"yes\" data-elementor-lightbox-slideshow=\"670d892\" data-elementor-lightbox-title=\"6-\" data-e-action-hash=\"#elementor-action%3Aaction%3Dlightbox%26settings%3DeyJpZCI6NTY1MiwidXJsIjoiaHR0cHM6XC9cL3N1bGJ1c290by5jb21cL3dwLWNvbnRlbnRcL3VwbG9hZHNcLzIwMjZcLzAxXC82LS5qcGciLCJzbGlkZXNob3ciOiI2NzBkODkyIn0%3D\" href='https:\/\/sulbusoto.com\/wp-content\/uploads\/2026\/01\/6-.jpg'><img loading=\"lazy\" decoding=\"async\" width=\"500\" height=\"500\" src=\"https:\/\/sulbusoto.com\/wp-content\/uploads\/2026\/01\/6-.jpg\" class=\"attachment-full size-full\" alt=\"\" srcset=\"https:\/\/sulbusoto.com\/wp-content\/uploads\/2026\/01\/6-.jpg 500w, https:\/\/sulbusoto.com\/wp-content\/uploads\/2026\/01\/6--400x400.jpg 400w\" sizes=\"(max-width: 500px) 100vw, 500px\" \/><\/a>\n\t\t\t<\/div><\/figure>\n\t\t<\/div>\n\t\t<\/div>\n\t\t\t\t\t\t<\/div>\n\t\t\t\t<\/div>\n\t\t\t\t<\/div>\n\t\t\t\t\t<\/div>\n\t\t\t\t<\/div>\n\t\t\t\t<\/div>\n\t\t","protected":false},"excerpt":{"rendered":"<p>To be the preferred choice of our customers by producing high-quality, durable plastic products through our innovative production approach and expert team.. S\u00fclb\u00fcs Oto Kal\u0131p Plastik San. Tic. Ltd. \u015eti., which started production in 1986, operates in the field of plastic molds and automotive accessories. Our production is carried out with high precision using modern [&hellip;]<\/p>\n","protected":false},"author":1,"featured_media":0,"parent":0,"menu_order":0,"comment_status":"closed","ping_status":"closed","template":"","meta":{"footnotes":""},"class_list":["post-5152","page","type-page","status-publish","hentry"],"_links":{"self":[{"href":"https:\/\/sulbusoto.com\/en\/wp-json\/wp\/v2\/pages\/5152","targetHints":{"allow":["GET"]}}],"collection":[{"href":"https:\/\/sulbusoto.com\/en\/wp-json\/wp\/v2\/pages"}],"about":[{"href":"https:\/\/sulbusoto.com\/en\/wp-json\/wp\/v2\/types\/page"}],"author":[{"embeddable":true,"href":"https:\/\/sulbusoto.com\/en\/wp-json\/wp\/v2\/users\/1"}],"replies":[{"embeddable":true,"href":"https:\/\/sulbusoto.com\/en\/wp-json\/wp\/v2\/comments?post=5152"}],"version-history":[{"count":13,"href":"https:\/\/sulbusoto.com\/en\/wp-json\/wp\/v2\/pages\/5152\/revisions"}],"predecessor-version":[{"id":5664,"href":"https:\/\/sulbusoto.com\/en\/wp-json\/wp\/v2\/pages\/5152\/revisions\/5664"}],"wp:attachment":[{"href":"https:\/\/sulbusoto.com\/en\/wp-json\/wp\/v2\/media?parent=5152"}],"curies":[{"name":"wp","href":"https:\/\/api.w.org\/{rel}","templated":true}]}}